{"id":4494,"date":"2021-11-21T15:14:41","date_gmt":"2021-11-21T15:14:41","guid":{"rendered":"https:\/\/bclcrystal.cz\/index.php\/services\/"},"modified":"2024-01-08T13:07:41","modified_gmt":"2024-01-08T13:07:41","slug":"services","status":"publish","type":"page","link":"https:\/\/bclcrystal.cz\/index.php\/services\/","title":{"rendered":"Portfolio"},"content":{"rendered":"\t\t<div data-elementor-type=\"wp-page\" data-elementor-id=\"4494\" class=\"elementor elementor-4494\">\n\t\t\t\t\t\t\t\t\t<section class=\"elementor-section elementor-top-section elementor-element elementor-element-83746e8 elementor-section-height-min-height elementor-section-boxed elementor-section-height-default elementor-section-items-middle\" data-id=\"83746e8\" data-element_type=\"section\" data-settings=\"{&quot;background_background&quot;:&quot;classic&quot;}\">\n\t\t\t\t\t\t\t<div class=\"elementor-background-overlay\"><\/div>\n\t\t\t\t\t\t\t<div class=\"elementor-container elementor-column-gap-default\">\n\t\t\t\t\t<div class=\"elementor-column elementor-col-100 elementor-top-column elementor-element elementor-element-09faee3\" data-id=\"09faee3\" data-element_type=\"column\">\n\t\t\t<div class=\"elementor-widget-wrap elementor-element-populated\">\n\t\t\t\t\t\t\t\t<div class=\"elementor-element elementor-element-c7152a9 elementor-widget elementor-widget-heading\" data-id=\"c7152a9\" data-element_type=\"widget\" data-widget_type=\"heading.default\">\n\t\t\t\t<div class=\"elementor-widget-container\">\n\t\t\t<style>\/*! elementor - v3.18.0 - 20-12-2023 *\/\n.elementor-heading-title{padding:0;margin:0;line-height:1}.elementor-widget-heading .elementor-heading-title[class*=elementor-size-]>a{color:inherit;font-size:inherit;line-height:inherit}.elementor-widget-heading .elementor-heading-title.elementor-size-small{font-size:15px}.elementor-widget-heading .elementor-heading-title.elementor-size-medium{font-size:19px}.elementor-widget-heading .elementor-heading-title.elementor-size-large{font-size:29px}.elementor-widget-heading .elementor-heading-title.elementor-size-xl{font-size:39px}.elementor-widget-heading .elementor-heading-title.elementor-size-xxl{font-size:59px}<\/style><h1 class=\"elementor-heading-title elementor-size-default\">Portfolio<\/h1>\t\t<\/div>\n\t\t\t\t<\/div>\n\t\t\t\t\t<\/div>\n\t\t<\/div>\n\t\t\t\t\t\t\t<\/div>\n\t\t<\/section>\n\t\t\t\t<section class=\"elementor-section elementor-top-section elementor-element elementor-element-se8edgs elementor-section-boxed elementor-section-height-default elementor-section-height-default\" data-id=\"se8edgs\" data-element_type=\"section\">\n\t\t\t\t\t\t<div class=\"elementor-container elementor-column-gap-default\">\n\t\t\t\t\t<div class=\"elementor-column elementor-col-50 elementor-top-column elementor-element elementor-element-fbde4a3\" data-id=\"fbde4a3\" data-element_type=\"column\">\n\t\t\t<div class=\"elementor-widget-wrap elementor-element-populated\">\n\t\t\t\t\t\t\t\t<div class=\"elementor-element elementor-element-617a17d elementor-widget elementor-widget-heading\" data-id=\"617a17d\" data-element_type=\"widget\" data-widget_type=\"heading.default\">\n\t\t\t\t<div class=\"elementor-widget-container\">\n\t\t\t<h2 class=\"elementor-heading-title elementor-size-default\">Portfolio<\/h2>\t\t<\/div>\n\t\t\t\t<\/div>\n\t\t\t\t<div class=\"elementor-element elementor-element-a656589 elementor-widget__width-initial elementor-widget elementor-widget-text-editor\" data-id=\"a656589\" data-element_type=\"widget\" data-widget_type=\"text-editor.default\">\n\t\t\t\t<div class=\"elementor-widget-container\">\n\t\t\t<style>\/*! elementor - v3.18.0 - 20-12-2023 *\/\n.elementor-widget-text-editor.elementor-drop-cap-view-stacked .elementor-drop-cap{background-color:#69727d;color:#fff}.elementor-widget-text-editor.elementor-drop-cap-view-framed .elementor-drop-cap{color:#69727d;border:3px solid;background-color:transparent}.elementor-widget-text-editor:not(.elementor-drop-cap-view-default) .elementor-drop-cap{margin-top:8px}.elementor-widget-text-editor:not(.elementor-drop-cap-view-default) .elementor-drop-cap-letter{width:1em;height:1em}.elementor-widget-text-editor .elementor-drop-cap{float:left;text-align:center;line-height:1;font-size:50px}.elementor-widget-text-editor .elementor-drop-cap-letter{display:inline-block}<\/style>\t\t\t\t<div class=\"page\" title=\"Page 2\"><div class=\"layoutArea\"><div class=\"column\"><p>\u00a0<\/p><p>Our products decorate some king palaces and chateaux, diplomatic, governmental and cultural representative offices and some famous wealthy houses around the world.<\/p><div class=\"page\" title=\"Page 2\"><div class=\"layoutArea\"><div class=\"column\"><p>BCL produced and delivered Chandeliers in Czech Republic, Slovakia, Romania, Russia, USA, Saudi Arabia, UAE, Iraq, Vietnam, Indonesia etc&#8230;<\/p><p>BCL has also gained a rich experience in production of large-size chandeliers.<\/p><\/div><\/div><\/div><\/div><\/div><\/div>\t\t\t\t\t\t<\/div>\n\t\t\t\t<\/div>\n\t\t\t\t<div class=\"elementor-element elementor-element-a19ba86 elementor-widget__width-initial elementor-widget elementor-widget-text-editor\" data-id=\"a19ba86\" data-element_type=\"widget\" data-widget_type=\"text-editor.default\">\n\t\t\t\t<div class=\"elementor-widget-container\">\n\t\t\t\t\t\t\t\t\t\t\t\t\t<\/div>\n\t\t\t\t<\/div>\n\t\t\t\t<div class=\"elementor-element elementor-element-7ee9371 elementor-widget__width-initial elementor-widget elementor-widget-text-editor\" data-id=\"7ee9371\" data-element_type=\"widget\" data-widget_type=\"text-editor.default\">\n\t\t\t\t<div class=\"elementor-widget-container\">\n\t\t\t\t\t\t\t\t\t\t\t\t\t<\/div>\n\t\t\t\t<\/div>\n\t\t\t\t<div class=\"elementor-element elementor-element-ee32c7b elementor-widget elementor-widget-image-carousel\" data-id=\"ee32c7b\" data-element_type=\"widget\" data-settings=\"{&quot;slides_to_show&quot;:&quot;1&quot;,&quot;navigation&quot;:&quot;none&quot;,&quot;autoplay_speed&quot;:2000,&quot;autoplay&quot;:&quot;yes&quot;,&quot;pause_on_hover&quot;:&quot;yes&quot;,&quot;pause_on_interaction&quot;:&quot;yes&quot;,&quot;infinite&quot;:&quot;yes&quot;,&quot;effect&quot;:&quot;slide&quot;,&quot;speed&quot;:500}\" data-widget_type=\"image-carousel.default\">\n\t\t\t\t<div class=\"elementor-widget-container\">\n\t\t\t<style>\/*! elementor - v3.18.0 - 20-12-2023 *\/\n.elementor-widget-image-carousel .swiper,.elementor-widget-image-carousel .swiper-container{position:static}.elementor-widget-image-carousel .swiper-container .swiper-slide figure,.elementor-widget-image-carousel .swiper .swiper-slide figure{line-height:inherit}.elementor-widget-image-carousel .swiper-slide{text-align:center}.elementor-image-carousel-wrapper:not(.swiper-container-initialized):not(.swiper-initialized) .swiper-slide{max-width:calc(100% \/ var(--e-image-carousel-slides-to-show, 3))}<\/style>\t\t<div class=\"elementor-image-carousel-wrapper swiper\" dir=\"ltr\">\n\t\t\t<div class=\"elementor-image-carousel swiper-wrapper\" aria-live=\"off\">\n\t\t\t\t\t\t\t\t<div class=\"swiper-slide\" role=\"group\" aria-roledescription=\"slide\" aria-label=\"1 z 1\"><figure class=\"swiper-slide-inner\"><img decoding=\"async\" class=\"swiper-slide-image\" src=\"https:\/\/bclcrystal.cz\/wp-content\/uploads\/2024\/01\/sub_5506fcefa8e55.jpeg\" alt=\"_sub_5506fcefa8e55\" \/><\/figure><\/div>\t\t\t<\/div>\n\t\t\t\t\t<\/div>\n\t\t\t\t<\/div>\n\t\t\t\t<\/div>\n\t\t\t\t\t<\/div>\n\t\t<\/div>\n\t\t\t\t<div class=\"elementor-column elementor-col-50 elementor-top-column elementor-element elementor-element-ad2ef58\" data-id=\"ad2ef58\" data-element_type=\"column\">\n\t\t\t<div class=\"elementor-widget-wrap elementor-element-populated\">\n\t\t\t\t\t\t\t\t<div class=\"elementor-element elementor-element-5ce2de6 elementor-widget elementor-widget-image\" data-id=\"5ce2de6\" data-element_type=\"widget\" data-widget_type=\"image.default\">\n\t\t\t\t<div class=\"elementor-widget-container\">\n\t\t\t<style>\/*! elementor - v3.18.0 - 20-12-2023 *\/\n.elementor-widget-image{text-align:center}.elementor-widget-image a{display:inline-block}.elementor-widget-image a img[src$=\".svg\"]{width:48px}.elementor-widget-image img{vertical-align:middle;display:inline-block}<\/style>\t\t\t\t\t\t\t\t\t\t\t\t<img fetchpriority=\"high\" decoding=\"async\" width=\"800\" height=\"543\" src=\"https:\/\/bclcrystal.cz\/wp-content\/uploads\/2024\/01\/15772765535e0354899636a2876.jpeg\" class=\"attachment-large size-large wp-image-5163\" alt=\"\" srcset=\"https:\/\/bclcrystal.cz\/wp-content\/uploads\/2024\/01\/15772765535e0354899636a2876.jpeg 800w, https:\/\/bclcrystal.cz\/wp-content\/uploads\/2024\/01\/15772765535e0354899636a2876-300x204.jpeg 300w, https:\/\/bclcrystal.cz\/wp-content\/uploads\/2024\/01\/15772765535e0354899636a2876-768x521.jpeg 768w, https:\/\/bclcrystal.cz\/wp-content\/uploads\/2024\/01\/15772765535e0354899636a2876-600x407.jpeg 600w\" sizes=\"(max-width: 800px) 100vw, 800px\" \/>\t\t\t\t\t\t\t\t\t\t\t\t\t\t\t<\/div>\n\t\t\t\t<\/div>\n\t\t\t\t<div class=\"elementor-element elementor-element-35556f5 elementor-widget elementor-widget-heading\" data-id=\"35556f5\" data-element_type=\"widget\" data-widget_type=\"heading.default\">\n\t\t\t\t<div class=\"elementor-widget-container\">\n\t\t\t<h3 class=\"elementor-heading-title elementor-size-default\">BCL can prove a remarkable flexibility to satisfy and to meet all customers different desires and requirements.<\/h3>\t\t<\/div>\n\t\t\t\t<\/div>\n\t\t\t\t<div class=\"elementor-element elementor-element-8cff307 elementor-widget elementor-widget-image\" data-id=\"8cff307\" data-element_type=\"widget\" data-widget_type=\"image.default\">\n\t\t\t\t<div class=\"elementor-widget-container\">\n\t\t\t\t\t\t\t\t\t\t\t\t\t\t\t<img decoding=\"async\" width=\"1024\" height=\"683\" src=\"https:\/\/bclcrystal.cz\/wp-content\/uploads\/2024\/01\/ocean_drops-1024x683.jpg\" class=\"attachment-large size-large wp-image-5170\" alt=\"\" srcset=\"https:\/\/bclcrystal.cz\/wp-content\/uploads\/2024\/01\/ocean_drops-1024x683.jpg 1024w, https:\/\/bclcrystal.cz\/wp-content\/uploads\/2024\/01\/ocean_drops-300x200.jpg 300w, https:\/\/bclcrystal.cz\/wp-content\/uploads\/2024\/01\/ocean_drops-768x512.jpg 768w, https:\/\/bclcrystal.cz\/wp-content\/uploads\/2024\/01\/ocean_drops-1536x1024.jpg 1536w, https:\/\/bclcrystal.cz\/wp-content\/uploads\/2024\/01\/ocean_drops-600x400.jpg 600w, https:\/\/bclcrystal.cz\/wp-content\/uploads\/2024\/01\/ocean_drops.jpg 1710w\" sizes=\"(max-width: 1024px) 100vw, 1024px\" \/>\t\t\t\t\t\t\t\t\t\t\t\t\t\t\t<\/div>\n\t\t\t\t<\/div>\n\t\t\t\t<div class=\"elementor-element elementor-element-c3c31aa elementor-widget elementor-widget-image\" data-id=\"c3c31aa\" data-element_type=\"widget\" data-widget_type=\"image.default\">\n\t\t\t\t<div class=\"elementor-widget-container\">\n\t\t\t\t\t\t\t\t\t\t\t\t\t\t\t<img decoding=\"async\" width=\"1024\" height=\"568\" src=\"https:\/\/bclcrystal.cz\/wp-content\/uploads\/2024\/01\/modern-led-chandeliers-chandeliers-led-l-a20c3f78b55c898c-1024x568.jpg\" class=\"attachment-large size-large wp-image-5171\" alt=\"\" srcset=\"https:\/\/bclcrystal.cz\/wp-content\/uploads\/2024\/01\/modern-led-chandeliers-chandeliers-led-l-a20c3f78b55c898c-1024x568.jpg 1024w, https:\/\/bclcrystal.cz\/wp-content\/uploads\/2024\/01\/modern-led-chandeliers-chandeliers-led-l-a20c3f78b55c898c-300x167.jpg 300w, https:\/\/bclcrystal.cz\/wp-content\/uploads\/2024\/01\/modern-led-chandeliers-chandeliers-led-l-a20c3f78b55c898c-768x426.jpg 768w, https:\/\/bclcrystal.cz\/wp-content\/uploads\/2024\/01\/modern-led-chandeliers-chandeliers-led-l-a20c3f78b55c898c-600x333.jpg 600w, https:\/\/bclcrystal.cz\/wp-content\/uploads\/2024\/01\/modern-led-chandeliers-chandeliers-led-l-a20c3f78b55c898c.jpg 1261w\" sizes=\"(max-width: 1024px) 100vw, 1024px\" \/>\t\t\t\t\t\t\t\t\t\t\t\t\t\t\t<\/div>\n\t\t\t\t<\/div>\n\t\t\t\t\t<\/div>\n\t\t<\/div>\n\t\t\t\t\t\t\t<\/div>\n\t\t<\/section>\n\t\t\t\t\t\t\t<\/div>\n\t\t","protected":false},"excerpt":{"rendered":"<p>Portfolio Portfolio \u00a0 Our products decorate some king palaces and chateaux, diplomatic, governmental and cultural representative offices and some famous wealthy houses around the world. BCL produced and delivered Chandeliers in Czech Republic, Slovakia, Romania, Russia, USA, Saudi Arabia, UAE, Iraq, Vietnam, Indonesia etc&#8230; BCL has also gained a rich experience in production of large-size &hellip;<\/p>\n<p class=\"read-more\"> <a class=\"\" href=\"https:\/\/bclcrystal.cz\/index.php\/services\/\"> <span class=\"screen-reader-text\">Portfolio<\/span> Pokra\u010dovat ve \u010dten\u00ed &raquo;<\/a><\/p>\n","protected":false},"author":1,"featured_media":0,"parent":0,"menu_order":0,"comment_status":"closed","ping_status":"closed","template":"","meta":{"site-sidebar-layout":"no-sidebar","site-content-layout":"page-builder","ast-site-content-layout":"full-width-container","site-content-style":"unboxed","site-sidebar-style":"unboxed","ast-global-header-display":"","ast-banner-title-visibility":"","ast-main-header-display":"","ast-hfb-above-header-display":"","ast-hfb-below-header-display":"","ast-hfb-mobile-header-display":"","site-post-title":"disabled","ast-breadcrumbs-content":"","ast-featured-img":"disabled","footer-sml-layout":"","theme-transparent-header-meta":"enabled","adv-header-id-meta":"","stick-header-meta":"","header-above-stick-meta":"","header-main-stick-meta":"","header-below-stick-meta":"","astra-migrate-meta-layouts":"set","ast-page-background-enabled":"default","ast-page-background-meta":{"desktop":{"background-color":"var(--ast-global-color-4)","background-image":"","background-repeat":"repeat","background-position":"center center","background-size":"auto","background-attachment":"scroll","background-type":"","background-media":"","overlay-type":"","overlay-color":"","overlay-gradient":""},"tablet":{"background-color":"","background-image":"","background-repeat":"repeat","background-position":"center center","background-size":"auto","background-attachment":"scroll","background-type":"","background-media":"","overlay-type":"","overlay-color":"","overlay-gradient":""},"mobile":{"background-color":"","background-image":"","background-repeat":"repeat","background-position":"center center","background-size":"auto","background-attachment":"scroll","background-type":"","background-media":"","overlay-type":"","overlay-color":"","overlay-gradient":""}},"ast-content-background-meta":{"desktop":{"background-color":"var(--ast-global-color-5)","background-image":"","background-repeat":"repeat","background-position":"center center","background-size":"auto","background-attachment":"scroll","background-type":"","background-media":"","overlay-type":"","overlay-color":"","overlay-gradient":""},"tablet":{"background-color":"var(--ast-global-color-5)","background-image":"","background-repeat":"repeat","background-position":"center center","background-size":"auto","background-attachment":"scroll","background-type":"","background-media":"","overlay-type":"","overlay-color":"","overlay-gradient":""},"mobile":{"background-color":"var(--ast-global-color-5)","background-image":"","background-repeat":"repeat","background-position":"center center","background-size":"auto","background-attachment":"scroll","background-type":"","background-media":"","overlay-type":"","overlay-color":"","overlay-gradient":""}},"footnotes":""},"class_list":["post-4494","page","type-page","status-publish","hentry"],"_links":{"self":[{"href":"https:\/\/bclcrystal.cz\/index.php\/wp-json\/wp\/v2\/pages\/4494","targetHints":{"allow":["GET"]}}],"collection":[{"href":"https:\/\/bclcrystal.cz\/index.php\/wp-json\/wp\/v2\/pages"}],"about":[{"href":"https:\/\/bclcrystal.cz\/index.php\/wp-json\/wp\/v2\/types\/page"}],"author":[{"embeddable":true,"href":"https:\/\/bclcrystal.cz\/index.php\/wp-json\/wp\/v2\/users\/1"}],"replies":[{"embeddable":true,"href":"https:\/\/bclcrystal.cz\/index.php\/wp-json\/wp\/v2\/comments?post=4494"}],"version-history":[{"count":29,"href":"https:\/\/bclcrystal.cz\/index.php\/wp-json\/wp\/v2\/pages\/4494\/revisions"}],"predecessor-version":[{"id":5206,"href":"https:\/\/bclcrystal.cz\/index.php\/wp-json\/wp\/v2\/pages\/4494\/revisions\/5206"}],"wp:attachment":[{"href":"https:\/\/bclcrystal.cz\/index.php\/wp-json\/wp\/v2\/media?parent=4494"}],"curies":[{"name":"wp","href":"https:\/\/api.w.org\/{rel}","templated":true}]}}